{"id":23,"date":"2016-06-30T18:13:47","date_gmt":"2016-06-30T18:13:47","guid":{"rendered":"https:\/\/municipios.gov.py\/pasohorqueta\/?page_id=23"},"modified":"2017-09-20T10:17:48","modified_gmt":"2017-09-20T14:17:48","slug":"transparencia","status":"publish","type":"page","link":"https:\/\/municipios.gov.py\/pasohorqueta\/transparencia\/","title":{"rendered":"Transparencia"},"content":{"rendered":"<p style=\"text-align: justify;\"><img loading=\"lazy\" decoding=\"async\" class=\"wp-image-700 alignright\" src=\"https:\/\/www.municipios.gov.py\/wp-content\/uploads\/2016\/02\/Mapa-Cuadricula-colores-846x1024.png\" alt=\"Mapa-Cuadricula-colores\" width=\"207\" height=\"250\" \/>La Corte Suprema de Justicia, por <a href=\"http:\/\/www.pj.gov.py\/contenido\/945-informacion-publica\/945\" target=\"_blank\" rel=\"noopener\">Acuerdo y Sentencia N\u00ba 1.306<\/a> del 15 de octubre de 2013, sent\u00f3 jurisprudencia sobre el derecho humano de acceso a la informaci\u00f3n p\u00fablica, consagrado en el Art\u00edculo 28 de la Constituci\u00f3n Nacional.<\/p>\n<p style=\"text-align: justify;\">Coherente con dicho fallo y en el marco de su pol\u00edtica de transparencia, la m\u00e1xima instancia judicial public\u00f3 ese mismo d\u00eda (15 de octubre de 2013) la n\u00f3mina de sus funcionarios con sus respectivas remuneraciones. La informaci\u00f3n es actualizada permanentemente y est\u00e1 disponible en el Sitio Web institucional para que cualquier ciudadano pueda acceder a ella.<\/p>\n<p style=\"text-align: justify;\">Del mismo modo, en dicho marco y arbitrando todas las medidas para el efecto, se dio cumplimiento a lo dispuesto en la <a href=\"https:\/\/www.municipios.gov.py\/wp-content\/uploads\/2016\/02\/ID1-576_ley_5189_14.pdf\" target=\"_blank\" rel=\"noopener\">Ley 5.189\/14<\/a>, \u201cQUE ESTABLECE LA OBLIGATORIEDAD DE LA PROVISI\u00d3N DE INFORMACIONES EN EL USO DE LOS RECURSOS P\u00daBLICOS SOBRE REMUNERACIONES Y OTRAS RETRIBUCIONES ASIGNADAS AL SERVIDOR P\u00daBLICO DE LA REP\u00daBLICA DEL PARAGUAY\u201d.<\/p>\n<p style=\"text-align: justify;\">En ese sentido, siguiendo la misma l\u00ednea de transparencia institucional, el Consejo de Superintendencia de la Corte Suprema de Justicia dict\u00f3 la <a href=\"https:\/\/www.municipios.gov.py\/wp-content\/uploads\/2016\/02\/ID2-32_resolucion_1296.pdf\" target=\"_blank\" rel=\"noopener\">Resoluci\u00f3n N\u00ba 1.296<\/a>, procediendo a reglamentar internamente la aplicaci\u00f3n de la referida ley, que entre otros puntos dispone que las diferentes dependencias que componen la instituci\u00f3n provean la informaci\u00f3n requerida en tiempo y forma a la <a href=\"http:\/\/www.pj.gov.py\/contenido\/134-direccion-de-comunicacion\/134\" target=\"_blank\" rel=\"noopener\">Direcci\u00f3n de Comunicaci\u00f3n<\/a>, a fin de su publicaci\u00f3n.<\/p>\n<p style=\"text-align: justify;\">Ver tambi\u00e9n <a href=\"https:\/\/www.municipios.gov.py\/wp-content\/uploads\/2016\/02\/ley_5282.pdf\" target=\"_blank\" rel=\"noopener\">Ley 5282<\/a>.<\/p>\n<p style=\"text-align: justify;\">\n","protected":false},"excerpt":{"rendered":"<p>La Corte Suprema de Justicia, por Acuerdo y Sentencia N\u00ba 1.306 del 15 de octubre de 2013, sent\u00f3 jurisprudencia sobre el derecho humano de acceso a la informaci\u00f3n p\u00fablica, consagrado en el Art\u00edculo 28 de la Constituci\u00f3n Nacional. Coherente con dicho fallo y en el marco de su pol\u00edtica de transparencia, la m\u00e1xima instancia &#8230; <a title=\"Transparencia\" class=\"read-more\" href=\"https:\/\/municipios.gov.py\/pasohorqueta\/transparencia\/\" aria-label=\"Leer m\u00e1s sobre Transparencia\">Leer M\u00e1s&#8230;<\/a><\/p>\n","protected":false},"author":4,"featured_media":0,"parent":0,"menu_order":0,"comment_status":"closed","ping_status":"closed","template":"","meta":{"jetpack_post_was_ever_published":false,"footnotes":""},"class_list":["post-23","page","type-page","status-publish"],"jetpack_sharing_enabled":true,"jetpack_shortlink":"https:\/\/wp.me\/P7H3N6-n","_links":{"self":[{"href":"https:\/\/municipios.gov.py\/pasohorqueta\/wp-json\/wp\/v2\/pages\/23","targetHints":{"allow":["GET"]}}],"collection":[{"href":"https:\/\/municipios.gov.py\/pasohorqueta\/wp-json\/wp\/v2\/pages"}],"about":[{"href":"https:\/\/municipios.gov.py\/pasohorqueta\/wp-json\/wp\/v2\/types\/page"}],"author":[{"embeddable":true,"href":"https:\/\/municipios.gov.py\/pasohorqueta\/wp-json\/wp\/v2\/users\/4"}],"replies":[{"embeddable":true,"href":"https:\/\/municipios.gov.py\/pasohorqueta\/wp-json\/wp\/v2\/comments?post=23"}],"version-history":[{"count":9,"href":"https:\/\/municipios.gov.py\/pasohorqueta\/wp-json\/wp\/v2\/pages\/23\/revisions"}],"predecessor-version":[{"id":357,"href":"https:\/\/municipios.gov.py\/pasohorqueta\/wp-json\/wp\/v2\/pages\/23\/revisions\/357"}],"wp:attachment":[{"href":"https:\/\/municipios.gov.py\/pasohorqueta\/wp-json\/wp\/v2\/media?parent=23"}],"curies":[{"name":"wp","href":"https:\/\/api.w.org\/{rel}","templated":true}]}}