{"id":27,"date":"2016-06-30T18:14:59","date_gmt":"2016-06-30T18:14:59","guid":{"rendered":"https:\/\/municipios.gov.py\/yguazu\/?page_id=27"},"modified":"2024-09-11T10:28:36","modified_gmt":"2024-09-11T14:28:36","slug":"contactos","status":"publish","type":"page","link":"https:\/\/municipios.gov.py\/yguazu\/contactos\/","title":{"rendered":"Contactos"},"content":{"rendered":"<h3 style=\"text-align: center;\"><strong>DATOS DE LA MUNICIPALIDAD<\/strong><\/h3>\n<p style=\"text-align: center;\"><strong>Direcci\u00f3n:<\/strong> Calle Canad\u00e1 esq. 14 de Mayo \u2013 Km. 42<\/p>\n<p style=\"text-align: center;\"><strong> Tel\u00e9fono administraci\u00f3n central:<\/strong> (0632) 20234<\/p>\n<p style=\"text-align: center;\"><strong>Correo electr\u00f3nico:<\/strong> municipalidaddeyguazu@hotmail.com<\/p>\n<p style=\"text-align: center;\"><strong>Horario de Atenci\u00f3n:<\/strong> 07:00 a 13:00<\/p>\n","protected":false},"excerpt":{"rendered":"<p>DATOS DE LA MUNICIPALIDAD Direcci\u00f3n: Calle Canad\u00e1 esq. 14 de Mayo \u2013 Km. 42 Tel\u00e9fono administraci\u00f3n central: (0632) 20234 Correo electr\u00f3nico: municipalidaddeyguazu@hotmail.com Horario de Atenci\u00f3n: 07:00 a 13:00<\/p>\n","protected":false},"author":4,"featured_media":0,"parent":0,"menu_order":0,"comment_status":"closed","ping_status":"closed","template":"","meta":{"jetpack_post_was_ever_published":false,"footnotes":""},"class_list":["post-27","page","type-page","status-publish"],"jetpack_sharing_enabled":true,"jetpack_shortlink":"https:\/\/wp.me\/P7H3N6-r","_links":{"self":[{"href":"https:\/\/municipios.gov.py\/yguazu\/wp-json\/wp\/v2\/pages\/27","targetHints":{"allow":["GET"]}}],"collection":[{"href":"https:\/\/municipios.gov.py\/yguazu\/wp-json\/wp\/v2\/pages"}],"about":[{"href":"https:\/\/municipios.gov.py\/yguazu\/wp-json\/wp\/v2\/types\/page"}],"author":[{"embeddable":true,"href":"https:\/\/municipios.gov.py\/yguazu\/wp-json\/wp\/v2\/users\/4"}],"replies":[{"embeddable":true,"href":"https:\/\/municipios.gov.py\/yguazu\/wp-json\/wp\/v2\/comments?post=27"}],"version-history":[{"count":9,"href":"https:\/\/municipios.gov.py\/yguazu\/wp-json\/wp\/v2\/pages\/27\/revisions"}],"predecessor-version":[{"id":554,"href":"https:\/\/municipios.gov.py\/yguazu\/wp-json\/wp\/v2\/pages\/27\/revisions\/554"}],"wp:attachment":[{"href":"https:\/\/municipios.gov.py\/yguazu\/wp-json\/wp\/v2\/media?parent=27"}],"curies":[{"name":"wp","href":"https:\/\/api.w.org\/{rel}","templated":true}]}}